

{"id":11967,"date":"2025-02-18T14:53:14","date_gmt":"2025-02-18T13:53:14","guid":{"rendered":"https:\/\/forestpioneer.es\/producto\/disque-affutage-cbn-modele-perfore-145x8x22-23-grain-80-100\/"},"modified":"2026-04-29T21:01:02","modified_gmt":"2026-04-29T19:01:02","slug":"disque-affutage-cbn-modele-perfore-145x8x22-23-grain-80-100","status":"publish","type":"product","link":"https:\/\/forestpioneer.es\/fr\/produit\/disque-affutage-cbn-modele-perfore-145x8x22-23-grain-80-100\/","title":{"rendered":"Disque aff\u00fbtage CBN (mod\u00e8le perfor\u00e9) 145x8x22.23 Grain 80\/100"},"content":{"rendered":"","protected":false},"excerpt":{"rendered":"","protected":false},"featured_media":27124,"template":"","meta":{"_acf_changed":false,"_joinchat":[]},"product_brand":[525],"product_cat":[266],"product_tag":[],"translation_priority":[],"class_list":{"0":"post-11967","1":"product","2":"type-product","3":"status-publish","4":"has-post-thumbnail","6":"product_brand-yinglong-fr","7":"product_cat-accessoires-de-rechange-pour-guides-et-chaines","8":"pa_marca-yinglong","10":"first","11":"instock","12":"taxable","13":"shipping-taxable","14":"purchasable","15":"product-type-simple"},"acf":[],"_links":{"self":[{"href":"https:\/\/forestpioneer.es\/fr\/wp-json\/wp\/v2\/product\/11967","targetHints":{"allow":["GET"]}}],"collection":[{"href":"https:\/\/forestpioneer.es\/fr\/wp-json\/wp\/v2\/product"}],"about":[{"href":"https:\/\/forestpioneer.es\/fr\/wp-json\/wp\/v2\/types\/product"}],"wp:featuredmedia":[{"embeddable":true,"href":"https:\/\/forestpioneer.es\/fr\/wp-json\/wp\/v2\/media\/27124"}],"wp:attachment":[{"href":"https:\/\/forestpioneer.es\/fr\/wp-json\/wp\/v2\/media?parent=11967"}],"wp:term":[{"taxonomy":"product_brand","embeddable":true,"href":"https:\/\/forestpioneer.es\/fr\/wp-json\/wp\/v2\/product_brand?post=11967"},{"taxonomy":"product_cat","embeddable":true,"href":"https:\/\/forestpioneer.es\/fr\/wp-json\/wp\/v2\/product_cat?post=11967"},{"taxonomy":"product_tag","embeddable":true,"href":"https:\/\/forestpioneer.es\/fr\/wp-json\/wp\/v2\/product_tag?post=11967"},{"taxonomy":"translation_priority","embeddable":true,"href":"https:\/\/forestpioneer.es\/fr\/wp-json\/wp\/v2\/translation_priority?post=11967"}],"curies":[{"name":"wp","href":"https:\/\/api.w.org\/{rel}","templated":true}]}}