

{"id":22022,"date":"2025-03-24T23:31:53","date_gmt":"2025-03-24T22:31:53","guid":{"rendered":"https:\/\/forestpioneer.es\/avis-juridique\/"},"modified":"2025-04-08T11:26:18","modified_gmt":"2025-04-08T09:26:18","slug":"avis-juridique","status":"publish","type":"page","link":"https:\/\/forestpioneer.es\/fr\/avis-juridique\/","title":{"rendered":"Avis juridique"},"content":{"rendered":"\n<p>Le pr\u00e9sent avis juridique (ci-apr\u00e8s, l&rsquo;\u00ab avis juridique \u00bb) r\u00e9git l&rsquo;utilisation du service du portail Internet https:\/\/forestpioneer.com\/ (ci-apr\u00e8s, le \u00ab site Web \u00bb) de FOREST PIONEER SL, dont le si\u00e8ge social est situ\u00e9 Pol\u00edgono Bidaurre Ureder, Ventas Auzoa 45B &#8211; Bajo 6A, Irun, 20305, GIPUZKOA, et dont le code d&rsquo;identification fiscale est le B20963823.<\/p>\n\n<h3 class=\"wp-block-heading\">L\u00e9gislation<\/h3>\n\n<p>En g\u00e9n\u00e9ral, les relations entre FOREST PIONEER SL et les utilisateurs de ses services t\u00e9l\u00e9matiques sur le site Web sont soumises \u00e0 la l\u00e9gislation et \u00e0 la juridiction espagnoles.<\/p>\n\n<p>Les parties renoncent express\u00e9ment \u00e0 toute juridiction qui pourrait leur correspondre et se soumettent express\u00e9ment aux Cours et Tribunaux d&rsquo;Irun pour r\u00e9soudre tout litige pouvant survenir dans l&rsquo;interpr\u00e9tation ou l&rsquo;ex\u00e9cution des pr\u00e9sentes conditions contractuelles.<\/p>\n\n<h3 class=\"wp-block-heading\">Contenu et utilisation<\/h3>\n\n<p>L&rsquo;utilisateur est inform\u00e9 et accepte que l&rsquo;acc\u00e8s \u00e0 ce site web n&rsquo;implique en aucun cas le d\u00e9but d&rsquo;une relation commerciale avec FOREST PIONEER SL.<\/p>\n\n<p>Le propri\u00e9taire du site ne s&rsquo;identifie pas aux opinions qui y sont exprim\u00e9es par ses collaborateurs. L&rsquo;entreprise se r\u00e9serve le droit d&rsquo;apporter toutes les modifications qu&rsquo;elle juge opportunes \u00e0 son site web sans pr\u00e9avis, et peut changer, supprimer ou ajouter \u00e0 la fois le contenu et les services fournis par le biais du site web et la mani\u00e8re dont ils sont pr\u00e9sent\u00e9s ou situ\u00e9s sur ses serveurs.  <\/p>\n\n<h3 class=\"wp-block-heading\">Propri\u00e9t\u00e9 intellectuelle et industrielle<\/h3>\n\n<p>Les droits de propri\u00e9t\u00e9 intellectuelle du contenu des pages Web, de leur conception graphique et de leurs codes sont d\u00e9tenus par FOREST PIONEER SL et, par cons\u00e9quent, leur reproduction, distribution, communication publique, transformation ou toute autre activit\u00e9 pouvant \u00eatre r\u00e9alis\u00e9e avec le contenu de ses pages Web est interdite, m\u00eame en citant les sources, sauf avec l&rsquo;accord \u00e9crit de FOREST PIONEER SL. Tous les noms commerciaux, marques ou signes distinctifs de toute nature contenus dans les pages Web de l&rsquo;entreprise sont la propri\u00e9t\u00e9 de leurs d\u00e9tenteurs et sont prot\u00e9g\u00e9s par la loi.  <\/p>\n\n<h3 class=\"wp-block-heading\">Liens (Links)<\/h3>\n\n<p>La pr\u00e9sence de liens (links) sur les pages web de FOREST PIONEER SL est uniquement \u00e0 titre d&rsquo;information et n&rsquo;implique en aucun cas une suggestion, une invitation ou une recommandation \u00e0 leur sujet.<\/p>\n\n<h3 class=\"wp-block-heading\">Confidentialit\u00e9 et protection des donn\u00e9es<\/h3>\n\n<p>Aux fins des dispositions du RGPD du 27 avril 2016, FOREST PIONEER SL informe l&rsquo;Utilisateur de l&rsquo;existence d&rsquo;un traitement automatis\u00e9 de donn\u00e9es \u00e0 caract\u00e8re personnel cr\u00e9\u00e9 par et pour FOREST PIONEER SL et sous sa responsabilit\u00e9, dans le but d&rsquo;effectuer le maintien et la gestion de la relation avec l&rsquo;Utilisateur, ainsi que des t\u00e2ches d&rsquo;information. Apr\u00e8s acceptation des pr\u00e9sentes conditions g\u00e9n\u00e9rales, FOREST PIONEER SL demandera \u00e0 l&rsquo;utilisateur de collecter certaines donn\u00e9es essentielles \u00e0 la prestation de ses services.  <\/p>\n\n<h3 class=\"wp-block-heading\">Enregistrement des dossiers et des formulaires<\/h3>\n\n<p>Il est obligatoire de remplir le formulaire d&rsquo;inscription pour acc\u00e9der \u00e0 certains services offerts sur le site web et en b\u00e9n\u00e9ficier. Le fait de ne pas fournir les donn\u00e9es personnelles demand\u00e9es ou de ne pas accepter la pr\u00e9sente politique de protection des donn\u00e9es entra\u00eene l&rsquo;impossibilit\u00e9 de s&rsquo;abonner, de s&rsquo;inscrire ou de participer \u00e0 l&rsquo;une des promotions pour lesquelles des donn\u00e9es personnelles sont demand\u00e9es.  <\/p>\n\n<p>Aux fins des dispositions du RGPD du 27 avril 2016, nous vous informons que les donn\u00e9es personnelles obtenues \u00e0 la suite de votre inscription en tant qu&rsquo;Utilisateur, seront incluses dans un fichier appartenant \u00e0 FOREST PIONEER SL avec C.I.F B20963823 et adresse \u00e0 Pol\u00edgono Bidaurre Ureder, Ventas Auzoa 45B &#8211; Bajo 6A, Irun, 20305, GIPUZKOA, ayant mis en \u0153uvre les mesures de s\u00e9curit\u00e9 \u00e9tablies dans le D\u00e9cret Royal 1720\/2007, du 11 juin.<\/p>\n\n<h3 class=\"wp-block-heading\">Exactitude et v\u00e9racit\u00e9 des donn\u00e9es fournies<\/h3>\n\n<p>Les utilisateurs sont les seuls responsables de la v\u00e9racit\u00e9 et de l&rsquo;exactitude des donn\u00e9es fournies, FOREST PIONEER SL \u00e9tant exon\u00e9r\u00e9e de toute responsabilit\u00e9 \u00e0 cet \u00e9gard. L&rsquo;utilisateur garantit et est responsable, dans tous les cas, de l&rsquo;exactitude, de la validit\u00e9 et de l&rsquo;authenticit\u00e9 des donn\u00e9es personnelles fournies, et s&rsquo;engage \u00e0 les tenir d\u00fbment \u00e0 jour. L&rsquo;utilisateur s&rsquo;engage \u00e0 fournir des informations compl\u00e8tes et correctes dans le formulaire d&rsquo;inscription ou de souscription. FOREST PIONEER SL n&rsquo;est pas responsable de la v\u00e9racit\u00e9 des informations qui ne sont pas de sa propre cr\u00e9ation et dont une autre source est indiqu\u00e9e, et n&rsquo;assume aucune responsabilit\u00e9 pour les dommages hypoth\u00e9tiques pouvant d\u00e9couler de l&rsquo;utilisation de ces informations. FOREST PIONEER SL se r\u00e9serve le droit d&rsquo;actualiser, de modifier ou de supprimer les informations contenues dans ses pages web et peut m\u00eame limiter ou refuser l&rsquo;acc\u00e8s \u00e0 ces informations. FOREST PIONEER SL n&rsquo;est pas responsable des dommages que l&rsquo;utilisateur pourrait subir en raison d&rsquo;erreurs, de d\u00e9fauts ou d&rsquo;omissions dans les informations fournies par FOREST PIONEER SL, \u00e0 condition qu&rsquo;elles proviennent de sources ext\u00e9rieures \u00e0 FOREST PIONEER SL.      <\/p>\n","protected":false},"excerpt":{"rendered":"<p>Le pr\u00e9sent avis juridique (ci-apr\u00e8s, l&rsquo;\u00ab avis juridique \u00bb) r\u00e9git l&rsquo;utilisation du service du portail Internet https:\/\/forestpioneer.com\/ (ci-apr\u00e8s, le \u00ab site Web \u00bb) de FOREST PIONEER SL, dont le si\u00e8ge social est situ\u00e9 Pol\u00edgono Bidaurre Ureder, Ventas Auzoa 45B &#8211; Bajo 6A, Irun, 20305, GIPUZKOA, et dont le code d&rsquo;identification fiscale est le B20963823. L\u00e9gislation [&hellip;]<\/p>\n","protected":false},"author":1,"featured_media":0,"parent":0,"menu_order":0,"comment_status":"closed","ping_status":"closed","template":"","meta":{"_acf_changed":false,"_joinchat":[],"footnotes":""},"translation_priority":[18],"class_list":["post-22022","page","type-page","status-publish","hentry","translation_priority-facultatif"],"acf":[],"_links":{"self":[{"href":"https:\/\/forestpioneer.es\/fr\/wp-json\/wp\/v2\/pages\/22022","targetHints":{"allow":["GET"]}}],"collection":[{"href":"https:\/\/forestpioneer.es\/fr\/wp-json\/wp\/v2\/pages"}],"about":[{"href":"https:\/\/forestpioneer.es\/fr\/wp-json\/wp\/v2\/types\/page"}],"author":[{"embeddable":true,"href":"https:\/\/forestpioneer.es\/fr\/wp-json\/wp\/v2\/users\/1"}],"replies":[{"embeddable":true,"href":"https:\/\/forestpioneer.es\/fr\/wp-json\/wp\/v2\/comments?post=22022"}],"version-history":[{"count":1,"href":"https:\/\/forestpioneer.es\/fr\/wp-json\/wp\/v2\/pages\/22022\/revisions"}],"predecessor-version":[{"id":22023,"href":"https:\/\/forestpioneer.es\/fr\/wp-json\/wp\/v2\/pages\/22022\/revisions\/22023"}],"wp:attachment":[{"href":"https:\/\/forestpioneer.es\/fr\/wp-json\/wp\/v2\/media?parent=22022"}],"wp:term":[{"taxonomy":"translation_priority","embeddable":true,"href":"https:\/\/forestpioneer.es\/fr\/wp-json\/wp\/v2\/translation_priority?post=22022"}],"curies":[{"name":"wp","href":"https:\/\/api.w.org\/{rel}","templated":true}]}}