

{"id":4623,"date":"2025-02-18T07:59:25","date_gmt":"2025-02-18T07:59:25","guid":{"rendered":"https:\/\/forestpioneer.es\/producto\/product-49\/"},"modified":"2026-02-20T15:38:39","modified_gmt":"2026-02-20T14:38:39","slug":"product-49","status":"publish","type":"product","link":"https:\/\/forestpioneer.es\/en\/product\/product-49\/","title":{"rendered":"Product"},"content":{"rendered":"","protected":false},"excerpt":{"rendered":"<p>PM-160: Capacit\u00e9 max 160 plants pour godets 55mmx55mm.<\/p>\n<p>Montage sur pelle \u00e0 partir de 14 tonnes. D\u00e9bit requis 140l\/min et pression 160 bars. Poids de la planteuse sans options 1200 kg.<\/p>\n<p>Manuel utilisateur en fran\u00e7ais, Livre de pi\u00e8ces d\u00e9tach\u00e9es, Garantie constructeur en pi\u00e8ces et main d&#8217;oeuvre 1 an ou 1000 heures (premier terme atteint met fin \u00e0 la garantie), Formation \u00e0 la livraison 1 jour; Certificat CE<\/p>\n","protected":false},"featured_media":0,"template":"","meta":{"_acf_changed":false,"_joinchat":[]},"product_brand":[],"product_cat":[57],"product_tag":[],"translation_priority":[],"class_list":{"0":"post-4623","1":"product","2":"type-product","3":"status-publish","5":"product_cat-machine","7":"first","8":"instock","9":"taxable","10":"shipping-taxable","11":"product-type-simple"},"acf":[],"_links":{"self":[{"href":"https:\/\/forestpioneer.es\/en\/wp-json\/wp\/v2\/product\/4623","targetHints":{"allow":["GET"]}}],"collection":[{"href":"https:\/\/forestpioneer.es\/en\/wp-json\/wp\/v2\/product"}],"about":[{"href":"https:\/\/forestpioneer.es\/en\/wp-json\/wp\/v2\/types\/product"}],"wp:attachment":[{"href":"https:\/\/forestpioneer.es\/en\/wp-json\/wp\/v2\/media?parent=4623"}],"wp:term":[{"taxonomy":"product_brand","embeddable":true,"href":"https:\/\/forestpioneer.es\/en\/wp-json\/wp\/v2\/product_brand?post=4623"},{"taxonomy":"product_cat","embeddable":true,"href":"https:\/\/forestpioneer.es\/en\/wp-json\/wp\/v2\/product_cat?post=4623"},{"taxonomy":"product_tag","embeddable":true,"href":"https:\/\/forestpioneer.es\/en\/wp-json\/wp\/v2\/product_tag?post=4623"},{"taxonomy":"translation_priority","embeddable":true,"href":"https:\/\/forestpioneer.es\/en\/wp-json\/wp\/v2\/translation_priority?post=4623"}],"curies":[{"name":"wp","href":"https:\/\/api.w.org\/{rel}","templated":true}]}}