

{"id":4548,"date":"2025-02-18T07:58:26","date_gmt":"2025-02-18T07:58:26","guid":{"rendered":"https:\/\/forestpioneer.es\/producto\/product-41\/"},"modified":"2026-04-14T12:10:51","modified_gmt":"2026-04-14T10:10:51","slug":"product-41","status":"publish","type":"product","link":"https:\/\/forestpioneer.es\/en\/product\/product-41\/","title":{"rendered":"Product"},"content":{"rendered":"","protected":false},"excerpt":{"rendered":"<p>Incluye: &#8211; Ordenador &#8211; Licencia Windows 11 Pro &#8211; Pedales completo &#8211; 3 Pantallas de 43&#8243; &#8211; Tablet t\u00e1ctil para configuraci\u00f3n de las m\u00e1quinas &#8211; Teclado inal\u00e1mbrico &#8211; 2 Joysticks de procesadora regulables con reposabrazos &#8211; Auriculares &#8211; Menu multi-idiomas &#8211; Licencia procesadora y autocargador Garant\u00eda 2 a\u00f1os<\/p>\n","protected":false},"featured_media":0,"template":"","meta":{"_acf_changed":false,"_joinchat":[]},"product_brand":[],"product_cat":[57],"product_tag":[],"translation_priority":[],"class_list":{"0":"post-4548","1":"product","2":"type-product","3":"status-publish","5":"product_cat-machine","7":"first","8":"instock","9":"taxable","10":"shipping-taxable","11":"product-type-simple"},"acf":[],"_links":{"self":[{"href":"https:\/\/forestpioneer.es\/en\/wp-json\/wp\/v2\/product\/4548","targetHints":{"allow":["GET"]}}],"collection":[{"href":"https:\/\/forestpioneer.es\/en\/wp-json\/wp\/v2\/product"}],"about":[{"href":"https:\/\/forestpioneer.es\/en\/wp-json\/wp\/v2\/types\/product"}],"wp:attachment":[{"href":"https:\/\/forestpioneer.es\/en\/wp-json\/wp\/v2\/media?parent=4548"}],"wp:term":[{"taxonomy":"product_brand","embeddable":true,"href":"https:\/\/forestpioneer.es\/en\/wp-json\/wp\/v2\/product_brand?post=4548"},{"taxonomy":"product_cat","embeddable":true,"href":"https:\/\/forestpioneer.es\/en\/wp-json\/wp\/v2\/product_cat?post=4548"},{"taxonomy":"product_tag","embeddable":true,"href":"https:\/\/forestpioneer.es\/en\/wp-json\/wp\/v2\/product_tag?post=4548"},{"taxonomy":"translation_priority","embeddable":true,"href":"https:\/\/forestpioneer.es\/en\/wp-json\/wp\/v2\/translation_priority?post=4548"}],"curies":[{"name":"wp","href":"https:\/\/api.w.org\/{rel}","templated":true}]}}