

{"id":4545,"date":"2025-02-18T07:58:24","date_gmt":"2025-02-18T07:58:24","guid":{"rendered":"https:\/\/forestpioneer.es\/producto\/product-40\/"},"modified":"2026-04-14T12:11:10","modified_gmt":"2026-04-14T10:11:10","slug":"product-40","status":"publish","type":"product","link":"https:\/\/forestpioneer.es\/en\/product\/product-40\/","title":{"rendered":"Product"},"content":{"rendered":"","protected":false},"excerpt":{"rendered":"<p>Simulador de realidad virtual multi-m\u00e1quina, incluye plataforma m\u00f3vil de transmisi\u00f3n de movimiento de la m\u00e1quina cuando va por el monte. Asiento con cintur\u00f3n. Joystick de manejo similar a los de las m\u00e1quinas. 3 pantallas de visualizaci\u00f3n de 43&#8243;. Ordenador de control t\u00e1ctil. Gafas de realidad virtual. Incluye instalaci\u00f3n, manual de instrucciones y formaci\u00f3n al profesorado en la entrega. Garant\u00eda 2 a\u00f1os.<\/p>\n","protected":false},"featured_media":0,"template":"","meta":{"_acf_changed":false,"_joinchat":[]},"product_brand":[],"product_cat":[57],"product_tag":[],"translation_priority":[],"class_list":{"0":"post-4545","1":"product","2":"type-product","3":"status-publish","5":"product_cat-machine","7":"first","8":"instock","9":"taxable","10":"shipping-taxable","11":"product-type-simple"},"acf":[],"_links":{"self":[{"href":"https:\/\/forestpioneer.es\/en\/wp-json\/wp\/v2\/product\/4545","targetHints":{"allow":["GET"]}}],"collection":[{"href":"https:\/\/forestpioneer.es\/en\/wp-json\/wp\/v2\/product"}],"about":[{"href":"https:\/\/forestpioneer.es\/en\/wp-json\/wp\/v2\/types\/product"}],"wp:attachment":[{"href":"https:\/\/forestpioneer.es\/en\/wp-json\/wp\/v2\/media?parent=4545"}],"wp:term":[{"taxonomy":"product_brand","embeddable":true,"href":"https:\/\/forestpioneer.es\/en\/wp-json\/wp\/v2\/product_brand?post=4545"},{"taxonomy":"product_cat","embeddable":true,"href":"https:\/\/forestpioneer.es\/en\/wp-json\/wp\/v2\/product_cat?post=4545"},{"taxonomy":"product_tag","embeddable":true,"href":"https:\/\/forestpioneer.es\/en\/wp-json\/wp\/v2\/product_tag?post=4545"},{"taxonomy":"translation_priority","embeddable":true,"href":"https:\/\/forestpioneer.es\/en\/wp-json\/wp\/v2\/translation_priority?post=4545"}],"curies":[{"name":"wp","href":"https:\/\/api.w.org\/{rel}","templated":true}]}}