

{"id":14947,"date":"2025-02-19T08:53:28","date_gmt":"2025-02-19T07:53:28","guid":{"rendered":"https:\/\/forestpioneer.es\/producto\/taladro-percutor-m18-fuel-2-velocidades-par-maximo-158nm-portabrocas-metalico-13mm-embrague-mecanico-autostop-longitud-total-175mm-se-suministra-con-2-baterias-m18b5-y-cargado\/"},"modified":"2026-04-20T21:01:50","modified_gmt":"2026-04-20T19:01:50","slug":"taladro-percutor-m18-fuel-2-velocidades-par-maximo-158nm-portabrocas-metalico-13mm-embrague-mecanico-autostop-longitud-total-175mm-se-suministra-con-2-baterias-m18b5-y-cargado","status":"publish","type":"product","link":"https:\/\/forestpioneer.es\/en\/product\/taladro-percutor-m18-fuel-2-velocidades-par-maximo-158nm-portabrocas-metalico-13mm-embrague-mecanico-autostop-longitud-total-175mm-se-suministra-con-2-baterias-m18b5-y-cargado\/","title":{"rendered":"Taladro percutor M18 FUEL\u2122, 2 velocidades, par m\u00e1ximo 158Nm, portabrocas met\u00e1lico 13mm, embrague mec\u00e1nico, AUTOSTOP\u2122, longitud total 175mm. Se suministra con 2 bater\u00edas M18B5 y cargador r\u00e1pido M12-18FC, en HD-box"},"content":{"rendered":"","protected":false},"excerpt":{"rendered":"","protected":false},"featured_media":16989,"template":"","meta":{"_acf_changed":false,"_joinchat":[]},"product_brand":[526],"product_cat":[283],"product_tag":[],"translation_priority":[23],"class_list":{"0":"post-14947","1":"product","2":"type-product","3":"status-publish","4":"has-post-thumbnail","6":"product_brand-milwaukee-tool-en","7":"product_cat-tools-for-forest-machinery","8":"pa_marca-milwaukee-tool","9":"translation_priority-opcional-en","11":"first","12":"instock","13":"taxable","14":"shipping-taxable","15":"purchasable","16":"product-type-simple"},"acf":[],"_links":{"self":[{"href":"https:\/\/forestpioneer.es\/en\/wp-json\/wp\/v2\/product\/14947","targetHints":{"allow":["GET"]}}],"collection":[{"href":"https:\/\/forestpioneer.es\/en\/wp-json\/wp\/v2\/product"}],"about":[{"href":"https:\/\/forestpioneer.es\/en\/wp-json\/wp\/v2\/types\/product"}],"wp:featuredmedia":[{"embeddable":true,"href":"https:\/\/forestpioneer.es\/en\/wp-json\/wp\/v2\/media\/16989"}],"wp:attachment":[{"href":"https:\/\/forestpioneer.es\/en\/wp-json\/wp\/v2\/media?parent=14947"}],"wp:term":[{"taxonomy":"product_brand","embeddable":true,"href":"https:\/\/forestpioneer.es\/en\/wp-json\/wp\/v2\/product_brand?post=14947"},{"taxonomy":"product_cat","embeddable":true,"href":"https:\/\/forestpioneer.es\/en\/wp-json\/wp\/v2\/product_cat?post=14947"},{"taxonomy":"product_tag","embeddable":true,"href":"https:\/\/forestpioneer.es\/en\/wp-json\/wp\/v2\/product_tag?post=14947"},{"taxonomy":"translation_priority","embeddable":true,"href":"https:\/\/forestpioneer.es\/en\/wp-json\/wp\/v2\/translation_priority?post=14947"}],"curies":[{"name":"wp","href":"https:\/\/api.w.org\/{rel}","templated":true}]}}