

{"id":12798,"date":"2025-02-19T07:57:29","date_gmt":"2025-02-19T06:57:29","guid":{"rendered":"https:\/\/forestpioneer.es\/producto\/l4ffl-201-iluminacion-de-area-milwaukee-redlithium-usb-trueview-550-250-100-lumenes-proteccion-ip54-doble-iman-y-mosqueton-plegable-se-suministra-con-1-bateria-l4b2-y-cable-micr\/"},"modified":"2026-04-19T21:01:17","modified_gmt":"2026-04-19T19:01:17","slug":"l4ffl-201-iluminacion-de-area-milwaukee-redlithium-usb-trueview-550-250-100-lumenes-proteccion-ip54-doble-iman-y-mosqueton-plegable-se-suministra-con-1-bateria-l4b2-y-cable-micr","status":"publish","type":"product","link":"https:\/\/forestpioneer.es\/en\/product\/l4ffl-201-iluminacion-de-area-milwaukee-redlithium-usb-trueview-550-250-100-lumenes-proteccion-ip54-doble-iman-y-mosqueton-plegable-se-suministra-con-1-bateria-l4b2-y-cable-micr\/","title":{"rendered":"L4FFL-201 Iluminaci\u00f3n de \u00e1rea Milwaukee4, doble im\u00e1n y mosquet\u00f3n, plegable."},"content":{"rendered":"<p>L4FFL-201 Iluminaci\u00f3n de \u00e1rea Milwaukee REDLITHIUM\u2122 USB TRUEVIEW\u2122, 550\/250\/100 L\u00famenes, protecci\u00f3n IP54, doble im\u00e1n y mosquet\u00f3n, plegable. Se suministra con 1 bater\u00eda L4B2 y cable micro USB<\/p>\n","protected":false},"excerpt":{"rendered":"<p>L4FFL-201 Iluminaci\u00f3n de \u00e1rea Milwaukee REDLITHIUM\u2122 USB TRUEVIEW\u2122, 550\/250\/100 L\u00famenes, protecci\u00f3n IP54, doble im\u00e1n y mosquet\u00f3n, plegable. Se suministra con 1 bater\u00eda L4B2 y cable micro USB<\/p>\n","protected":false},"featured_media":12792,"template":"","meta":{"_acf_changed":false,"_joinchat":[]},"product_brand":[526],"product_cat":[358,283],"product_tag":[],"translation_priority":[],"class_list":{"0":"post-12798","1":"product","2":"type-product","3":"status-publish","4":"has-post-thumbnail","6":"product_brand-milwaukee-tool-en","7":"product_cat-outlet-en","8":"product_cat-tools-for-forest-machinery","9":"pa_marca-milwaukee-tool","11":"first","12":"instock","13":"sale","14":"taxable","15":"shipping-taxable","16":"purchasable","17":"product-type-simple"},"acf":[],"_links":{"self":[{"href":"https:\/\/forestpioneer.es\/en\/wp-json\/wp\/v2\/product\/12798","targetHints":{"allow":["GET"]}}],"collection":[{"href":"https:\/\/forestpioneer.es\/en\/wp-json\/wp\/v2\/product"}],"about":[{"href":"https:\/\/forestpioneer.es\/en\/wp-json\/wp\/v2\/types\/product"}],"wp:featuredmedia":[{"embeddable":true,"href":"https:\/\/forestpioneer.es\/en\/wp-json\/wp\/v2\/media\/12792"}],"wp:attachment":[{"href":"https:\/\/forestpioneer.es\/en\/wp-json\/wp\/v2\/media?parent=12798"}],"wp:term":[{"taxonomy":"product_brand","embeddable":true,"href":"https:\/\/forestpioneer.es\/en\/wp-json\/wp\/v2\/product_brand?post=12798"},{"taxonomy":"product_cat","embeddable":true,"href":"https:\/\/forestpioneer.es\/en\/wp-json\/wp\/v2\/product_cat?post=12798"},{"taxonomy":"product_tag","embeddable":true,"href":"https:\/\/forestpioneer.es\/en\/wp-json\/wp\/v2\/product_tag?post=12798"},{"taxonomy":"translation_priority","embeddable":true,"href":"https:\/\/forestpioneer.es\/en\/wp-json\/wp\/v2\/translation_priority?post=12798"}],"curies":[{"name":"wp","href":"https:\/\/api.w.org\/{rel}","templated":true}]}}